{"id":13,"date":"2013-11-08T17:58:02","date_gmt":"2013-11-08T17:58:02","guid":{"rendered":"https:\/\/farmaciamatute.com\/?page_id=13"},"modified":"2013-11-11T11:57:02","modified_gmt":"2013-11-11T11:57:02","slug":"contacto","status":"publish","type":"page","link":"https:\/\/farmaciamatute.com\/?page_id=13","title":{"rendered":"Contacto"},"content":{"rendered":"<p class=\"alert alert-info\">Para solicitar informaci\u00f3n, rellene el siguiente formulario. Si lo prefiere, tambi\u00e9n puede ponerse en contacto con nosotros a trav\u00e9s del tel\u00e9fono o envi\u00e1ndonos un E-Mail.<\/p>\n<div class=\"rt-grid-3\" style=\"margin-right:20px;\">\n<p class=\"alert alert-info\"><strong>Nombre Empresa<\/strong><br \/>\nC\/ XXXX XXXXXX, XX<br \/>\n00000 XXXXXXX<br \/>\nTel.\/Fax: 111 11 11 1<br \/>\nE-Mail: XXXX@XXXX.XXX<\/p>\n<\/div>\n<div class=\"rt-grid-8\"><div role=\"form\" class=\"wpcf7\" id=\"wpcf7-f4-o1\" dir=\"ltr\">\n<div class=\"screen-reader-response\"><\/div>\n<form action=\"\/index.php?rest_route=%2Fwp%2Fv2%2Fpages%2F13#wpcf7-f4-o1\" method=\"post\" class=\"wpcf7-form\" novalidate=\"novalidate\">\n<div style=\"display: none;\">\n<input type=\"hidden\" name=\"_wpcf7\" value=\"4\" \/>\n<input type=\"hidden\" name=\"_wpcf7_version\" value=\"5.1.4\" \/>\n<input type=\"hidden\" name=\"_wpcf7_locale\" value=\"\" \/>\n<input type=\"hidden\" name=\"_wpcf7_unit_tag\" value=\"wpcf7-f4-o1\" \/>\n<input type=\"hidden\" name=\"_wpcf7_container_post\" value=\"0\" \/>\n<\/div>\n<p><span class=\"wpcf7-form-control-wrap nombre\"><input type=\"text\" name=\"nombre\" value=\"\" size=\"40\" class=\"wpcf7-form-control wpcf7-text wpcf7-validates-as-required\" aria-required=\"true\" aria-invalid=\"false\" placeholder=\"Nombre\" \/><\/span><br \/>\n<span class=\"wpcf7-form-control-wrap telefono\"><input type=\"text\" name=\"telefono\" value=\"\" size=\"40\" class=\"wpcf7-form-control wpcf7-text\" aria-invalid=\"false\" placeholder=\"Tel\u00e9fono\" \/><\/span><br \/>\n<span class=\"wpcf7-form-control-wrap email\"><input type=\"email\" name=\"email\" value=\"\" size=\"40\" class=\"wpcf7-form-control wpcf7-text wpcf7-email wpcf7-validates-as-required wpcf7-validates-as-email\" aria-required=\"true\" aria-invalid=\"false\" placeholder=\"Email\" \/><\/span><br \/>\n<span class=\"wpcf7-form-control-wrap observaciones\"><textarea name=\"observaciones\" cols=\"60\" rows=\"6\" class=\"wpcf7-form-control wpcf7-textarea\" aria-invalid=\"false\" placeholder=\"Observaciones\"><\/textarea><\/span><br \/>\n<span class=\"wpcf7-form-control-wrap acceptance-185\"><span class=\"wpcf7-form-control wpcf7-acceptance\"><span class=\"wpcf7-list-item\"><input type=\"checkbox\" name=\"acceptance-185\" value=\"1\" aria-invalid=\"false\" \/><\/span><\/span><\/span> He le\u00eddo y acepto la <a target=\"blank\" href=\"#\"><strong><u>Pol\u00edtica de privacidad<\/u><\/strong><\/a><br \/>\n<input type=\"hidden\" name=\"_wpcf7_captcha_challenge_captcha-17\" value=\"3109833819\" \/><img class=\"wpcf7-form-control wpcf7-captchac wpcf7-captcha-captcha-17\" width=\"84\" height=\"28\" alt=\"captcha\" src=\"https:\/\/farmaciamatute.com\/wp-content\/uploads\/wpcf7_captcha\/3109833819.png\" \/><br \/>\n<span class=\"wpcf7-form-control-wrap captcha-17\"><input type=\"text\" name=\"captcha-17\" value=\"\" size=\"40\" class=\"wpcf7-form-control wpcf7-captchar\" autocomplete=\"off\" aria-invalid=\"false\" placeholder=\"Introduzca los caracteres\" \/><\/span><br \/>\n<input type=\"submit\" value=\"Enviar\" class=\"wpcf7-form-control wpcf7-submit\" \/><\/p>\n<div class=\"wpcf7-response-output wpcf7-display-none\"><\/div><\/form><\/div><\/div>\n","protected":false},"excerpt":{"rendered":"<p>Para solicitar informaci\u00f3n, rellene el siguiente formulario. Si lo prefiere, tambi\u00e9n puede ponerse en contacto con nosotros a trav\u00e9s del tel\u00e9fono o envi\u00e1ndonos un E-Mail. Nombre Empresa C\/ XXXX XXXXXX, XX 00000 XXXXXXX Tel.\/Fax: 111 11 11 1 E-Mail: XXXX@XXXX.XXX<\/p>\n","protected":false},"author":1,"featured_media":0,"parent":0,"menu_order":0,"comment_status":"open","ping_status":"open","template":"","meta":[],"_links":{"self":[{"href":"https:\/\/farmaciamatute.com\/index.php?rest_route=\/wp\/v2\/pages\/13"}],"collection":[{"href":"https:\/\/farmaciamatute.com\/index.php?rest_route=\/wp\/v2\/pages"}],"about":[{"href":"https:\/\/farmaciamatute.com\/index.php?rest_route=\/wp\/v2\/types\/page"}],"author":[{"embeddable":true,"href":"https:\/\/farmaciamatute.com\/index.php?rest_route=\/wp\/v2\/users\/1"}],"replies":[{"embeddable":true,"href":"https:\/\/farmaciamatute.com\/index.php?rest_route=%2Fwp%2Fv2%2Fcomments&post=13"}],"version-history":[{"count":0,"href":"https:\/\/farmaciamatute.com\/index.php?rest_route=\/wp\/v2\/pages\/13\/revisions"}],"wp:attachment":[{"href":"https:\/\/farmaciamatute.com\/index.php?rest_route=%2Fwp%2Fv2%2Fmedia&parent=13"}],"curies":[{"name":"wp","href":"https:\/\/api.w.org\/{rel}","templated":true}]}}