{"id":26,"date":"2013-11-11T09:38:47","date_gmt":"2013-11-11T09:38:47","guid":{"rendered":"https:\/\/farmaciamatute.com\/?page_id=26"},"modified":"2014-05-14T11:11:59","modified_gmt":"2014-05-14T11:11:59","slug":"bienvenidos-nuestra-web","status":"publish","type":"page","link":"https:\/\/farmaciamatute.com\/","title":{"rendered":"\u00bfPor qu\u00e9 elegirnos?"},"content":{"rendered":"<p><img src=\"http:\/\/demopackempresa.webempresa.eu\/img\/400x280\/BFDAA5\/fff\" style=\"float:left; margin-right:30px;\" \/><\/p>\n<p>Aqu\u00ed podemos poner un texto de bienvenida que explique de forma resumida nuestro negocio, destacando los valores de la empresa, sector al que se dedica o cualquier otro tipo de informaci\u00f3n. De esta forma, el usuario podr\u00e1 tener una informaci\u00f3n r\u00e1pida en la misma p\u00e1gina de inicio.<\/p>\n<p>Nullam dictum felis eu pede mollis pretium. Integer tincidunt. Cras dapibus. Vivamus elementum semper nisi. Aenean vulputate eleifend tellus. Aenean leo ligula, porttitor eu, consequat vitae, eleifend ac, enim. Aliquam lorem ante, dapibus in, viverra quis, feugiat a, tellus.<\/p>\n<p>Maecenas tempus, tellus eget condimentum rhoncus, sem quam semper libero, sit amet adipiscing sem neque sed ipsum. Nam quam nunc, blandit vel, luctus pulvinar, hendrerit id, lorem.<\/p>\n<p><a href=\"#\" class=\"btn btn-large btn-info\" type=\"button\">M\u00e1s informaci\u00f3n<\/a> <a href=\"#\" class=\"btn btn-large btn-success\" type=\"button\">Contacto<\/a><\/p>\n","protected":false},"excerpt":{"rendered":"<p>Aqu\u00ed podemos poner un texto de bienvenida que explique de forma resumida nuestro negocio, destacando los valores de la empresa, sector al que se dedica o cualquier otro tipo de informaci\u00f3n. De esta forma, el usuario podr\u00e1 tener una informaci\u00f3n r\u00e1pida en la misma p\u00e1gina de inicio. Nullam dictum felis eu pede mollis pretium. Integer [&hellip;]<\/p>\n","protected":false},"author":1,"featured_media":0,"parent":0,"menu_order":0,"comment_status":"open","ping_status":"open","template":"","meta":[],"_links":{"self":[{"href":"https:\/\/farmaciamatute.com\/index.php?rest_route=\/wp\/v2\/pages\/26"}],"collection":[{"href":"https:\/\/farmaciamatute.com\/index.php?rest_route=\/wp\/v2\/pages"}],"about":[{"href":"https:\/\/farmaciamatute.com\/index.php?rest_route=\/wp\/v2\/types\/page"}],"author":[{"embeddable":true,"href":"https:\/\/farmaciamatute.com\/index.php?rest_route=\/wp\/v2\/users\/1"}],"replies":[{"embeddable":true,"href":"https:\/\/farmaciamatute.com\/index.php?rest_route=%2Fwp%2Fv2%2Fcomments&post=26"}],"version-history":[{"count":1,"href":"https:\/\/farmaciamatute.com\/index.php?rest_route=\/wp\/v2\/pages\/26\/revisions"}],"predecessor-version":[{"id":101,"href":"https:\/\/farmaciamatute.com\/index.php?rest_route=\/wp\/v2\/pages\/26\/revisions\/101"}],"wp:attachment":[{"href":"https:\/\/farmaciamatute.com\/index.php?rest_route=%2Fwp%2Fv2%2Fmedia&parent=26"}],"curies":[{"name":"wp","href":"https:\/\/api.w.org\/{rel}","templated":true}]}}